{"id":18966,"date":"2021-05-17T11:58:46","date_gmt":"2021-05-17T11:58:46","guid":{"rendered":"https:\/\/ivol.institute\/?page_id=18966"},"modified":"2021-05-28T09:08:11","modified_gmt":"2021-05-28T16:08:11","slug":"advisory-council-fr","status":"publish","type":"page","link":"https:\/\/ivol.institute\/?page_id=18966&lang=fr","title":{"rendered":"Conseil Consultatif"},"content":{"rendered":"<p>[vc_row css_animation=&#8221;&#8221; row_type=&#8221;row&#8221; use_row_as_full_screen_section=&#8221;no&#8221; type=&#8221;full_width&#8221; angled_section=&#8221;no&#8221; text_align=&#8221;left&#8221; background_image_as_pattern=&#8221;without_pattern&#8221;][vc_column][vc_column_text]<\/p>\n<p style=\"text-align: center;\">Notre conseil consultatif se compose d\u2019un groupe bipartite d\u2019actuels et d\u2019anciens responsables am\u00e9ricains, canadiens et europ\u00e9ens dans les rangs de l\u2019arm\u00e9e, de la s\u00e9curit\u00e9 nationale et de la diplomatie, ainsi que d\u2019autres chefs de file et experts des domaines de droit, journalisme, recherche, sciences et acad\u00e9mique.<\/p>\n<p>[\/vc_column_text][vc_empty_space][vc_separator type=&#8221;normal&#8221;][vc_empty_space][\/vc_column][\/vc_row][vc_row css_animation=&#8221;&#8221; row_type=&#8221;row&#8221; use_row_as_full_screen_section=&#8221;no&#8221; type=&#8221;full_width&#8221; angled_section=&#8221;no&#8221; text_align=&#8221;left&#8221; background_image_as_pattern=&#8221;without_pattern&#8221;][vc_column][vc_row_inner row_type=&#8221;row&#8221; type=&#8221;full_width&#8221; text_align=&#8221;left&#8221; css_animation=&#8221;&#8221;][vc_column_inner width=&#8221;1\/3&#8243;][vc_empty_space][vc_single_image image=&#8221;18486&#8243; img_size=&#8221;full&#8221; alignment=&#8221;center&#8221; qode_css_animation=&#8221;&#8221;][vc_empty_space][\/vc_column_inner][vc_column_inner width=&#8221;2\/3&#8243;][vc_column_text]<\/p>\n<ul>\n<li><strong>Stephen M. Apatow<\/strong>: Human Rights advocate<\/li>\n<li><strong>Lora Benoit, Ph.D<\/strong>: Scientist<\/li>\n<li><strong>Joshua Charles<\/strong>: Author, former policy advisor to V.P. of The United States<\/li>\n<li><strong>Joellen Chatham, Ph.D<\/strong>: Public Policy Executive. Professor<\/li>\n<li><strong>Robin S. Dean, Esq.<\/strong>: Lawyer<\/li>\n<li><strong>Alan Dershowitz<\/strong>: Globally recognized Harvard Professor and Lawyer<\/li>\n<li><strong>Scott Edelman<\/strong>: Former Diplomat, State Department Official<\/li>\n<li><strong>Ambassador Stuart Eizenstat<\/strong>: Former Policy Advisor to President Carter<\/li>\n<li><strong>Judge James P. Gray<\/strong> (Ret.)<\/li>\n<li><strong>Patrick Marius Koga, Ph.D<\/strong>: Professor<\/li>\n<\/ul>\n<p>[\/vc_column_text][vc_column_text]<\/p>\n<ul>\n<li><strong>Adam Lovinger<\/strong>: former Senior Director for Strategy and Net Assesment, National Security Council, The White House<\/li>\n<li><strong>Hon. Robert McFarlane<\/strong>: National Security Advisor to President Reagan<\/li>\n<li><strong>Christine MacNulty<\/strong>: Fellow Royal Society of Art, United Kingdom<\/li>\n<li><strong>Michael Pregent<\/strong>: National Security Executive<\/li>\n<li><strong>David Sonntag, Ph.D<\/strong>: Scientist United States Air Force Ret.<\/li>\n<li><strong>Colonel Phil Waldron<\/strong>: United States Army Retired, National Security and Cybersecurity Executive<\/li>\n<li><strong>Ambassador Mark Wallace<\/strong>: President, United Against Nuclear Iran<\/li>\n<li><strong>Timothy Weaver<\/strong>: Retired Special Agent, Federal Bureau of Investigations<\/li>\n<li><strong>Grace Wertz<\/strong>:\u00a0Former Senior State of California Official<\/li>\n<li><strong>Rear Admiral Garry R. White<\/strong>: United States Navy, Ret.<\/li>\n<\/ul>\n<p>[\/vc_column_text][vc_empty_space][\/vc_column_inner][\/vc_row_inner][\/vc_column][\/vc_row][vc_row css_animation=&#8221;&#8221; row_type=&#8221;row&#8221; use_row_as_full_screen_section=&#8221;no&#8221; type=&#8221;full_width&#8221; angled_section=&#8221;no&#8221; text_align=&#8221;left&#8221; background_image_as_pattern=&#8221;without_pattern&#8221;][vc_column][vc_empty_space height=&#8221;60px&#8221;][\/vc_column][\/vc_row]<\/p>\n","protected":false},"excerpt":{"rendered":"<p>[vc_row css_animation=&#8221;&#8221; row_type=&#8221;row&#8221; use_row_as_full_screen_section=&#8221;no&#8221; type=&#8221;full_width&#8221; angled_section=&#8221;no&#8221; text_align=&#8221;left&#8221; background_image_as_pattern=&#8221;without_pattern&#8221;][vc_column][vc_column_text] Notre conseil consultatif se compose d\u2019un groupe bipartite d\u2019actuels et d\u2019anciens responsables am\u00e9ricains, canadiens et europ\u00e9ens dans les rangs de l\u2019arm\u00e9e, de la s\u00e9curit\u00e9 nationale et de la diplomatie, ainsi que d\u2019autres chefs de file et experts&#8230;<\/p>\n","protected":false},"author":1,"featured_media":0,"parent":0,"menu_order":0,"comment_status":"closed","ping_status":"closed","template":"","meta":{"footnotes":""},"class_list":["post-18966","page","type-page","status-publish","hentry"],"_links":{"self":[{"href":"https:\/\/ivol.institute\/index.php?rest_route=\/wp\/v2\/pages\/18966","targetHints":{"allow":["GET"]}}],"collection":[{"href":"https:\/\/ivol.institute\/index.php?rest_route=\/wp\/v2\/pages"}],"about":[{"href":"https:\/\/ivol.institute\/index.php?rest_route=\/wp\/v2\/types\/page"}],"author":[{"embeddable":true,"href":"https:\/\/ivol.institute\/index.php?rest_route=\/wp\/v2\/users\/1"}],"replies":[{"embeddable":true,"href":"https:\/\/ivol.institute\/index.php?rest_route=%2Fwp%2Fv2%2Fcomments&post=18966"}],"version-history":[{"count":8,"href":"https:\/\/ivol.institute\/index.php?rest_route=\/wp\/v2\/pages\/18966\/revisions"}],"predecessor-version":[{"id":19275,"href":"https:\/\/ivol.institute\/index.php?rest_route=\/wp\/v2\/pages\/18966\/revisions\/19275"}],"wp:attachment":[{"href":"https:\/\/ivol.institute\/index.php?rest_route=%2Fwp%2Fv2%2Fmedia&parent=18966"}],"curies":[{"name":"wp","href":"https:\/\/api.w.org\/{rel}","templated":true}]}}