{"id":18974,"date":"2021-05-17T12:43:35","date_gmt":"2021-05-17T12:43:35","guid":{"rendered":"https:\/\/ivol.institute\/?page_id=18974"},"modified":"2024-11-02T08:28:30","modified_gmt":"2024-11-02T15:28:30","slug":"board-of-directors-fr","status":"publish","type":"page","link":"https:\/\/ivol.institute\/?page_id=18974&lang=fr","title":{"rendered":"Conseil d&#8217;administration"},"content":{"rendered":"<p>[vc_row css_animation=&#8221;&#8221; row_type=&#8221;row&#8221; use_row_as_full_screen_section=&#8221;no&#8221; type=&#8221;full_width&#8221; angled_section=&#8221;no&#8221; text_align=&#8221;left&#8221; background_image_as_pattern=&#8221;without_pattern&#8221;][vc_column width=&#8221;1\/4&#8243;][vc_single_image image=&#8221;18486&#8243; img_size=&#8221;full&#8221; alignment=&#8221;center&#8221; qode_css_animation=&#8221;&#8221;][vc_empty_space][\/vc_column][vc_column width=&#8221;3\/4&#8243;][vc_empty_space][vc_column_text]Nous sommes un groupe de professionnels exp\u00e9riment\u00e9s dans l&#8217;\u00e9laboration de politiques, en relations internationales, commerce mondial, s\u00e9curit\u00e9, gouvernance, communications, leadership et gestion du changement. Ce groupe de professionnels a servi aux niveaux les plus \u00e9lev\u00e9s et senior des secteurs public et priv\u00e9. Nous sommes tous d&#8217;origine iranienne. Notre calibre et notre exp\u00e9rience ont r\u00e9sist\u00e9 \u00e0 l&#8217;\u00e9preuve du temps dans des environnements difficiles et complexes. Nous avons conseill\u00e9 des chefs d&#8217;\u00c9tat, des hauts dirigeants de grandes organisations priv\u00e9es et publiques, ainsi que de petites \u00e9quipes tactiques form\u00e9es pour r\u00e9soudre des probl\u00e8mes sp\u00e9cifiques \u00e0 travers le monde.[\/vc_column_text][vc_empty_space][\/vc_column][\/vc_row][vc_row css_animation=&#8221;&#8221; row_type=&#8221;row&#8221; use_row_as_full_screen_section=&#8221;no&#8221; type=&#8221;full_width&#8221; angled_section=&#8221;no&#8221; text_align=&#8221;left&#8221; background_image_as_pattern=&#8221;without_pattern&#8221;][vc_column][vc_separator type=&#8221;normal&#8221; color=&#8221;#d8d8d8&#8243;][vc_empty_space height=&#8221;30px&#8221;][\/vc_column][\/vc_row][vc_row css_animation=&#8221;&#8221; row_type=&#8221;row&#8221; use_row_as_full_screen_section=&#8221;no&#8221; type=&#8221;full_width&#8221; angled_section=&#8221;no&#8221; text_align=&#8221;left&#8221; background_image_as_pattern=&#8221;without_pattern&#8221; z_index=&#8221;&#8221;][vc_column width=&#8221;1\/3&#8243;][vc_single_image image=&#8221;18673&#8243; img_size=&#8221;full&#8221; alignment=&#8221;center&#8221; qode_css_animation=&#8221;&#8221;][vc_column_text]<\/p>\n<h4 style=\"text-align: center;\"><strong>Honorable Bijan R. Kian<\/strong><\/h4>\n<p>[\/vc_column_text][vc_separator type=&#8221;small&#8221; position=&#8221;center&#8221;][vc_column_text]<\/p>\n<p style=\"text-align: center;\">Enterin\u00e9 \u00e0 deux reprises par le S\u00e9nat, ancien membre du conseil d&#8217;administration de la Banque d&#8217;Import-Export des \u00c9tats-Unis, ancien membre du White House Business Council, relevant directement de deux pr\u00e9sidents des \u00c9tats-Unis des deux principaux partis politiques.<\/p>\n<p>[\/vc_column_text][vc_empty_space][\/vc_column][vc_column width=&#8221;1\/3&#8243;][vc_single_image image=&#8221;18676&#8243; img_size=&#8221;full&#8221; alignment=&#8221;center&#8221; qode_css_animation=&#8221;&#8221;][vc_column_text]<\/p>\n<h4 style=\"text-align: center;\"><strong>Sam Kermanian<\/strong><\/h4>\n<p>[\/vc_column_text][vc_separator type=&#8221;small&#8221; position=&#8221;center&#8221;][vc_column_text]<\/p>\n<p style=\"text-align: center;\">Directeur g\u00e9n\u00e9ral de Parklane Investments et Directeur de la gestion d&#8217;actifs de ICO Investment Group. Parmi les dirigeants les plus estim\u00e9s de la communaut\u00e9 juive irano-am\u00e9ricaine, il avait auparavant occup\u00e9 le poste de secr\u00e9taire g\u00e9n\u00e9ral de la F\u00e9d\u00e9ration Juive irano-am\u00e9ricaine.<\/p>\n<p>[\/vc_column_text][vc_empty_space][\/vc_column][vc_column width=&#8221;1\/3&#8243;][vc_single_image image=&#8221;18677&#8243; img_size=&#8221;full&#8221; alignment=&#8221;center&#8221; qode_css_animation=&#8221;&#8221;][vc_column_text]<\/p>\n<h4 style=\"text-align: center;\"><strong>Morteza Anvari Ph.D.<\/strong><\/h4>\n<p>[\/vc_column_text][vc_separator type=&#8221;small&#8221; position=&#8221;center&#8221;][vc_column_text]<\/p>\n<p style=\"text-align: center;\">Strat\u00e9giste principal et \u00e9ducateur aux \u00c9tats-Unis, Directeur des Programmes et de la Strat\u00e9gie \u00e0 l&#8217;ASA (FM&amp;C). Il est un expert des conflits am\u00e9ricano-iraniens et son site \u00e9ducatif http:\/\/anvari.net est largement r\u00e9f\u00e9renc\u00e9 par les d\u00e9cideurs.<\/p>\n<p>[\/vc_column_text][vc_empty_space][\/vc_column][\/vc_row][vc_row css_animation=&#8221;&#8221; row_type=&#8221;row&#8221; use_row_as_full_screen_section=&#8221;no&#8221; type=&#8221;full_width&#8221; angled_section=&#8221;no&#8221; text_align=&#8221;left&#8221; background_image_as_pattern=&#8221;without_pattern&#8221;][vc_column][vc_separator type=&#8221;normal&#8221; color=&#8221;#d8d8d8&#8243;][vc_empty_space height=&#8221;30px&#8221;][\/vc_column][\/vc_row][vc_row css_animation=&#8221;&#8221; row_type=&#8221;row&#8221; use_row_as_full_screen_section=&#8221;no&#8221; type=&#8221;full_width&#8221; angled_section=&#8221;no&#8221; text_align=&#8221;left&#8221; background_image_as_pattern=&#8221;without_pattern&#8221; z_index=&#8221;&#8221;][vc_column width=&#8221;1\/2&#8243;][vc_single_image image=&#8221;18681&#8243; img_size=&#8221;full&#8221; alignment=&#8221;center&#8221; qode_css_animation=&#8221;&#8221;][vc_column_text]<\/p>\n<h4 style=\"text-align: center;\"><strong>Amir Hamidi, Ph.D.<\/strong><\/h4>\n<p>[\/vc_column_text][vc_separator type=&#8221;small&#8221; position=&#8221;center&#8221;][vc_column_text]<\/p>\n<p style=\"text-align: center;\">Un expert internationalement reconnu du terrorisme mondial. Il a \u00e9t\u00e9 attach\u00e9 d&#8217;ambassade des \u00c9tats-Unis aux \u00c9mirats-Arabes-Unis, ainsi qu&#8217;agent sp\u00e9cial r\u00e9sident en charge de l&#8217;USDOJ-DEA.<\/p>\n<p>[\/vc_column_text][vc_empty_space][\/vc_column][\/vc_row][vc_row css_animation=&#8221;&#8221; row_type=&#8221;row&#8221; use_row_as_full_screen_section=&#8221;no&#8221; type=&#8221;full_width&#8221; angled_section=&#8221;no&#8221; text_align=&#8221;left&#8221; background_image_as_pattern=&#8221;without_pattern&#8221;][vc_column][vc_empty_space height=&#8221;60px&#8221;][\/vc_column][\/vc_row]<\/p>\n","protected":false},"excerpt":{"rendered":"<p>[vc_row css_animation=&#8221;&#8221; row_type=&#8221;row&#8221; use_row_as_full_screen_section=&#8221;no&#8221; type=&#8221;full_width&#8221; angled_section=&#8221;no&#8221; text_align=&#8221;left&#8221; background_image_as_pattern=&#8221;without_pattern&#8221;][vc_column width=&#8221;1\/4&#8243;][vc_single_image image=&#8221;18486&#8243; img_size=&#8221;full&#8221; alignment=&#8221;center&#8221; qode_css_animation=&#8221;&#8221;][vc_empty_space][\/vc_column][vc_column width=&#8221;3\/4&#8243;][vc_empty_space][vc_column_text]Nous sommes un groupe de professionnels exp\u00e9riment\u00e9s dans l&#8217;\u00e9laboration de politiques, en relations internationales, commerce mondial, s\u00e9curit\u00e9, gouvernance, communications, leadership et gestion du changement. Ce groupe de professionnels a servi aux niveaux&#8230;<\/p>\n","protected":false},"author":1,"featured_media":0,"parent":0,"menu_order":0,"comment_status":"closed","ping_status":"closed","template":"","meta":{"footnotes":""},"class_list":["post-18974","page","type-page","status-publish","hentry"],"_links":{"self":[{"href":"https:\/\/ivol.institute\/index.php?rest_route=\/wp\/v2\/pages\/18974","targetHints":{"allow":["GET"]}}],"collection":[{"href":"https:\/\/ivol.institute\/index.php?rest_route=\/wp\/v2\/pages"}],"about":[{"href":"https:\/\/ivol.institute\/index.php?rest_route=\/wp\/v2\/types\/page"}],"author":[{"embeddable":true,"href":"https:\/\/ivol.institute\/index.php?rest_route=\/wp\/v2\/users\/1"}],"replies":[{"embeddable":true,"href":"https:\/\/ivol.institute\/index.php?rest_route=%2Fwp%2Fv2%2Fcomments&post=18974"}],"version-history":[{"count":11,"href":"https:\/\/ivol.institute\/index.php?rest_route=\/wp\/v2\/pages\/18974\/revisions"}],"predecessor-version":[{"id":20183,"href":"https:\/\/ivol.institute\/index.php?rest_route=\/wp\/v2\/pages\/18974\/revisions\/20183"}],"wp:attachment":[{"href":"https:\/\/ivol.institute\/index.php?rest_route=%2Fwp%2Fv2%2Fmedia&parent=18974"}],"curies":[{"name":"wp","href":"https:\/\/api.w.org\/{rel}","templated":true}]}}