{"id":18978,"date":"2021-05-17T12:49:12","date_gmt":"2021-05-17T12:49:12","guid":{"rendered":"https:\/\/ivol.institute\/?page_id=18978"},"modified":"2021-07-15T04:46:04","modified_gmt":"2021-07-15T11:46:04","slug":"imagine-fr","status":"publish","type":"page","link":"https:\/\/ivol.institute\/?page_id=18978&lang=fr","title":{"rendered":"Imaginez"},"content":{"rendered":"<p>[vc_row css_animation=&#8221;&#8221; row_type=&#8221;row&#8221; use_row_as_full_screen_section=&#8221;no&#8221; type=&#8221;full_width&#8221; angled_section=&#8221;no&#8221; text_align=&#8221;left&#8221; background_image_as_pattern=&#8221;without_pattern&#8221;][vc_column][vc_row_inner row_type=&#8221;row&#8221; type=&#8221;full_width&#8221; text_align=&#8221;left&#8221; css_animation=&#8221;&#8221;][vc_column_inner][vc_column_text]<\/p>\n<h4 style=\"text-align: left;\">Quelle constitution envisagez-vous pour l&#8217;Iran ?<\/h4>\n<p>[\/vc_column_text][vc_empty_space][\/vc_column_inner][\/vc_row_inner][vc_row_inner row_type=&#8221;row&#8221; type=&#8221;full_width&#8221; text_align=&#8221;left&#8221; css_animation=&#8221;&#8221;][vc_column_inner width=&#8221;1\/2&#8243; css=&#8221;.vc_custom_1622578325406{background-color: #2f2f2f !important;}&#8221;][vc_column_text]<\/p>\n<h2 style=\"text-align: center; color: #fff;\">Constitution de la R\u00e9publique islamique d&#8217;Iran ?<\/h2>\n<p>[\/vc_column_text][vc_empty_space height=&#8221;100px&#8221;][vc_column_text]<\/p>\n<h5 style=\"color: #fff;\">Bas\u00e9e sur l&#8217;id\u00e9ologie islamiste et le r\u00e8gne absolu du guide supr\u00eame.<\/h5>\n<p>[\/vc_column_text][vc_empty_space height=&#8221;100px&#8221;][\/vc_column_inner][vc_column_inner width=&#8221;1\/2&#8243; css=&#8221;.vc_custom_1622672488537{background-image: url(https:\/\/ivol.institute\/wp-content\/uploads\/2021\/06\/Cyrus.png?id=19343) !important;background-position: center !important;background-repeat: no-repeat !important;background-size: cover !important;}&#8221;][vc_column_text]<\/p>\n<h2 style=\"text-align: center; color: #2f2f2f;\">Constitution fond\u00e9e sur les droits de l&#8217;homme ?<\/h2>\n<p>[\/vc_column_text][vc_empty_space height=&#8221;100px&#8221;][vc_column_text]<\/p>\n<h5 style=\"color: #2f2f2f;\">Bas\u00e9e sur les principes de la d\u00e9mocratie, des droits de l&#8217;homme et de la primaut\u00e9 du droit.<\/h5>\n<p>[\/vc_column_text][vc_empty_space height=&#8221;100px&#8221;][\/vc_column_inner][\/vc_row_inner][\/vc_column][\/vc_row][vc_row css_animation=&#8221;&#8221; row_type=&#8221;row&#8221; use_row_as_full_screen_section=&#8221;no&#8221; type=&#8221;full_width&#8221; angled_section=&#8221;no&#8221; text_align=&#8221;left&#8221; background_image_as_pattern=&#8221;without_pattern&#8221;][vc_column][vc_empty_space height=&#8221;60px&#8221;][vc_row_inner row_type=&#8221;row&#8221; type=&#8221;full_width&#8221; text_align=&#8221;left&#8221; css_animation=&#8221;&#8221;][vc_column_inner][vc_column_text]<\/p>\n<h4 style=\"text-align: left;\">Imaginez l&#8217;Iran, libre, avec une nouvelle Constitution &#8230;<\/h4>\n<p>[\/vc_column_text][vc_empty_space][\/vc_column_inner][\/vc_row_inner][vc_row_inner row_type=&#8221;row&#8221; type=&#8221;full_width&#8221; text_align=&#8221;center&#8221; css_animation=&#8221;&#8221;][vc_column_inner css=&#8221;.vc_custom_1622578260327{background-color: #d8d8d8 !important;}&#8221;][vc_empty_space][vc_column_text]<\/p>\n<h2 style=\"text-align: center;\">La Constitution de l&#8217;Iran Libre<\/h2>\n<p>[\/vc_column_text][vc_empty_space][vc_column_text]<\/p>\n<h4>Nous, le peuple iranien_<\/h4>\n<p>[\/vc_column_text][vc_empty_space height=&#8221;20px&#8221;]<a  itemprop=\"url\" href=\"https:\/\/imagineafreeiran.com\/en\/home\/\" target=\"_blank\" data-hover-background-color='#00748e' data-hover-border-color='#00748e' data-hover-color='#ffffff' class=\"qbutton  large center white default\" style=\"color: #00748e; border-color: #00748e; background-color: #d8d8d8;\">\u00c9crivons notre propre constitution<\/a>[vc_column_text]<\/p>\n<p style=\"text-align: center;\">(aucune inscription requise)<\/p>\n<p>[\/vc_column_text][vc_empty_space height=&#8221;60px&#8221;][\/vc_column_inner][\/vc_row_inner][\/vc_column][\/vc_row][vc_row css_animation=&#8221;&#8221; row_type=&#8221;row&#8221; use_row_as_full_screen_section=&#8221;no&#8221; type=&#8221;full_width&#8221; angled_section=&#8221;no&#8221; text_align=&#8221;left&#8221; background_image_as_pattern=&#8221;without_pattern&#8221;][vc_column][vc_empty_space height=&#8221;60px&#8221;][vc_separator type=&#8221;normal&#8221; color=&#8221;#d8d8d8&#8243;][vc_empty_space height=&#8221;60px&#8221;][\/vc_column][\/vc_row][vc_row css_animation=&#8221;&#8221; row_type=&#8221;row&#8221; use_row_as_full_screen_section=&#8221;no&#8221; type=&#8221;full_width&#8221; angled_section=&#8221;no&#8221; text_align=&#8221;left&#8221; background_image_as_pattern=&#8221;without_pattern&#8221;][vc_column width=&#8221;1\/2&#8243;][vc_single_image image=&#8221;19355&#8243; img_size=&#8221;626&#215;416&#8243; qode_css_animation=&#8221;&#8221;][vc_empty_space][\/vc_column][vc_column width=&#8221;1\/2&#8243;]<div class=\"qode-simple-quote-holder \">\n\t<div class=\"qode-simple-quote-triangle-shadow\">\n\t\t\n\t<\/div>\n\t<div class=\"qode-simple-quote-triangle\" >\n\t\t\n\t<\/div>\n\t<div class=\"qode-simple-quote-holder-inner\" style=\"padding: 0px 20px 0px 20px\">\n\t\t<div class=\"qode-simple-quote-icon-holder\"  style=\"fill: #00748e\">\n\t\t\t<svg x=\"0px\" y=\"0px\" width=\"118px\" height=\"97px\" viewBox=\"0 0 118 97\" enable-background=\"new 0 0 118 97\" xml:space=\"preserve\">\n\t\t\t\t<g>\n\t\t\t\t\t<path d=\"M31.1,73.998c5.688-7.111,8.535-14.316,8.535-21.617c0-3.09-0.371-5.751-1.113-7.978c-4.332,3.34-9.031,5.009-14.102,5.009\n\t\t\t\t\t\tc-6.929,0-12.71-2.194-17.349-6.586c-4.639-4.389-6.958-10.298-6.958-17.72c0-6.926,2.348-12.71,7.051-17.349\n\t\t\t\t\t\tc4.7-4.639,10.452-6.958,17.256-6.958c9.77,0,17.256,4.021,22.451,12.061c4.329,6.68,6.494,15.029,6.494,25.049\n\t\t\t\t\t\tc0,12.742-3.247,24.154-9.741,34.234C37.13,82.227,27.325,90.357,14.215,96.541l-3.525-6.865\n\t\t\t\t\t\tC18.604,86.336,25.409,81.113,31.1,73.998z M95.67,73.998c5.688-7.111,8.535-14.316,8.535-21.617c0-3.09-0.371-5.751-1.113-7.978\n\t\t\t\t\t\tc-4.206,3.34-8.906,5.009-14.102,5.009c-6.804,0-12.556-2.194-17.256-6.586c-4.702-4.389-7.051-10.298-7.051-17.72\n\t\t\t\t\t\tc0-4.575,1.113-8.721,3.34-12.432s5.195-6.616,8.906-8.721c3.711-2.102,7.729-3.154,12.061-3.154\n\t\t\t\t\t\tc9.771,0,17.256,4.021,22.451,12.061c4.329,6.68,6.494,15.029,6.494,25.049c0,12.742-3.247,24.154-9.741,34.234\n\t\t\t\t\t\tC101.7,82.227,91.896,90.357,78.785,96.541l-3.525-6.865C83.175,86.336,89.979,81.113,95.67,73.998z\"\/>\n\t\t\t\t<\/g>\n\t\t\t<\/svg>\n\t\t<\/div>\n\t\t<div class=\"qode-simple-quote-content-holder\">\n\t\t\t<div class=\"qode-simple-quote-content-holder-inner\">\n\t\t\t\t<div class=\"qode-simple-quote-text-holder\" >\n\t\t\t\t\t<h3 class=\"qode-simple-quote-text-title\"> Imaginez l&#039;Iran, libre.  <\/h3>\n\t\t\t\t<\/div>\n\t\t\t\t<div class=\"qode-simple-quote-author-holder\">\n\t\t\t\t\t<p class=\"qode-simple-quote-author-title\">   <\/p>\n\t\t\t\t<\/div>\n\t\t\t<\/div>\n\t\t<\/div>\n\t<\/div>\n<\/div>[vc_column_text]Imaginez un Iran o\u00f9 les femmes voil\u00e9es sont les protectrices de leurs s\u0153urs qui ne souhaitent pas porter le voile et, dans une belle expression de libert\u00e9 et de compassion, tous les citoyens s&#8217;unissent pour respecter et d\u00e9fendre les droits personnels de chaque individu dans la soci\u00e9t\u00e9. Imaginez un Iran o\u00f9 les croyances, les modes de vie et les pr\u00e9f\u00e9rences des individus restent un choix personnel et ne concernent personne d\u2019autre.[\/vc_column_text][vc_empty_space][\/vc_column][\/vc_row][vc_row css_animation=&#8221;&#8221; row_type=&#8221;row&#8221; use_row_as_full_screen_section=&#8221;no&#8221; type=&#8221;full_width&#8221; angled_section=&#8221;no&#8221; text_align=&#8221;left&#8221; background_image_as_pattern=&#8221;without_pattern&#8221;][vc_column][vc_empty_space][\/vc_column][\/vc_row][vc_row css_animation=&#8221;&#8221; row_type=&#8221;row&#8221; use_row_as_full_screen_section=&#8221;no&#8221; type=&#8221;full_width&#8221; angled_section=&#8221;no&#8221; text_align=&#8221;left&#8221; background_image_as_pattern=&#8221;without_pattern&#8221;][vc_column width=&#8221;1\/2&#8243;]<div class=\"qode-simple-quote-holder \">\n\t<div class=\"qode-simple-quote-triangle-shadow\">\n\t\t\n\t<\/div>\n\t<div class=\"qode-simple-quote-triangle\" >\n\t\t\n\t<\/div>\n\t<div class=\"qode-simple-quote-holder-inner\" style=\"padding: 0px 20px 0px 20px\">\n\t\t<div class=\"qode-simple-quote-icon-holder\"  style=\"fill: #00748e\">\n\t\t\t<svg x=\"0px\" y=\"0px\" width=\"118px\" height=\"97px\" viewBox=\"0 0 118 97\" enable-background=\"new 0 0 118 97\" xml:space=\"preserve\">\n\t\t\t\t<g>\n\t\t\t\t\t<path d=\"M31.1,73.998c5.688-7.111,8.535-14.316,8.535-21.617c0-3.09-0.371-5.751-1.113-7.978c-4.332,3.34-9.031,5.009-14.102,5.009\n\t\t\t\t\t\tc-6.929,0-12.71-2.194-17.349-6.586c-4.639-4.389-6.958-10.298-6.958-17.72c0-6.926,2.348-12.71,7.051-17.349\n\t\t\t\t\t\tc4.7-4.639,10.452-6.958,17.256-6.958c9.77,0,17.256,4.021,22.451,12.061c4.329,6.68,6.494,15.029,6.494,25.049\n\t\t\t\t\t\tc0,12.742-3.247,24.154-9.741,34.234C37.13,82.227,27.325,90.357,14.215,96.541l-3.525-6.865\n\t\t\t\t\t\tC18.604,86.336,25.409,81.113,31.1,73.998z M95.67,73.998c5.688-7.111,8.535-14.316,8.535-21.617c0-3.09-0.371-5.751-1.113-7.978\n\t\t\t\t\t\tc-4.206,3.34-8.906,5.009-14.102,5.009c-6.804,0-12.556-2.194-17.256-6.586c-4.702-4.389-7.051-10.298-7.051-17.72\n\t\t\t\t\t\tc0-4.575,1.113-8.721,3.34-12.432s5.195-6.616,8.906-8.721c3.711-2.102,7.729-3.154,12.061-3.154\n\t\t\t\t\t\tc9.771,0,17.256,4.021,22.451,12.061c4.329,6.68,6.494,15.029,6.494,25.049c0,12.742-3.247,24.154-9.741,34.234\n\t\t\t\t\t\tC101.7,82.227,91.896,90.357,78.785,96.541l-3.525-6.865C83.175,86.336,89.979,81.113,95.67,73.998z\"\/>\n\t\t\t\t<\/g>\n\t\t\t<\/svg>\n\t\t<\/div>\n\t\t<div class=\"qode-simple-quote-content-holder\">\n\t\t\t<div class=\"qode-simple-quote-content-holder-inner\">\n\t\t\t\t<div class=\"qode-simple-quote-text-holder\" >\n\t\t\t\t\t<h3 class=\"qode-simple-quote-text-title\"> Ceux qui choisissent d&#039;\u00eatre diff\u00e9rents seront trait\u00e9s avec respect et dignit\u00e9 avec des droits \u00e9gaux.  <\/h3>\n\t\t\t\t<\/div>\n\t\t\t\t<div class=\"qode-simple-quote-author-holder\">\n\t\t\t\t\t<p class=\"qode-simple-quote-author-title\">   <\/p>\n\t\t\t\t<\/div>\n\t\t\t<\/div>\n\t\t<\/div>\n\t<\/div>\n<\/div>[vc_column_text]<span class=\"elementor-icon-list-text\">Imaginez un Iran o\u00f9 aucun enfant n&#8217;a \u00e0 fouiller dans les poubelles pour trouver de la nourriture jet\u00e9e. Imaginez l&#8217;Iran, libre et prosp\u00e8re, o\u00f9 des hommes et des femmes instruits et hautement scolaris\u00e9s peuvent avoir des emplois d\u00e9cents et une vie normale. Imaginez un Iran libre o\u00f9 les hommes et les femmes sont libres de pratiquer leurs croyances sans crainte, sans exclusion, sans perte de dignit\u00e9.<\/span>[\/vc_column_text][vc_empty_space][\/vc_column][vc_column width=&#8221;1\/2&#8243;][vc_single_image image=&#8221;18810&#8243; img_size=&#8221;full&#8221; qode_css_animation=&#8221;&#8221;][vc_empty_space][\/vc_column][\/vc_row][vc_row css_animation=&#8221;&#8221; row_type=&#8221;row&#8221; use_row_as_full_screen_section=&#8221;no&#8221; type=&#8221;full_width&#8221; angled_section=&#8221;no&#8221; text_align=&#8221;left&#8221; background_image_as_pattern=&#8221;without_pattern&#8221;][vc_column]<blockquote class=' with_quote_icon' style=''><i class='fa fa-quote-right' style=''><\/i><h5 class='blockquote-text' style=''>Imaginez l'Iran, libre. Lib\u00e9r\u00e9 de la tyrannie, de la terreur, de l'ineptie et de la corruption institutionnalis\u00e9e et de la kleptocratie.<\/h5><\/blockquote>[vc_empty_space height=&#8221;60px&#8221;][\/vc_column][\/vc_row]<\/p>\n","protected":false},"excerpt":{"rendered":"<p>[vc_row css_animation=&#8221;&#8221; row_type=&#8221;row&#8221; use_row_as_full_screen_section=&#8221;no&#8221; type=&#8221;full_width&#8221; angled_section=&#8221;no&#8221; text_align=&#8221;left&#8221; background_image_as_pattern=&#8221;without_pattern&#8221;][vc_column][vc_row_inner row_type=&#8221;row&#8221; type=&#8221;full_width&#8221; text_align=&#8221;left&#8221; css_animation=&#8221;&#8221;][vc_column_inner][vc_column_text] Quelle constitution envisagez-vous pour l&#8217;Iran ? [\/vc_column_text][vc_empty_space][\/vc_column_inner][\/vc_row_inner][vc_row_inner row_type=&#8221;row&#8221; type=&#8221;full_width&#8221; text_align=&#8221;left&#8221; css_animation=&#8221;&#8221;][vc_column_inner width=&#8221;1\/2&#8243; css=&#8221;.vc_custom_1622578325406{background-color: #2f2f2f !important;}&#8221;][vc_column_text] Constitution de la R\u00e9publique islamique d&#8217;Iran ? [\/vc_column_text][vc_empty_space height=&#8221;100px&#8221;][vc_column_text] Bas\u00e9e sur l&#8217;id\u00e9ologie islamiste et le r\u00e8gne absolu du&#8230;<\/p>\n","protected":false},"author":1,"featured_media":0,"parent":0,"menu_order":0,"comment_status":"closed","ping_status":"closed","template":"","meta":{"footnotes":""},"class_list":["post-18978","page","type-page","status-publish","hentry"],"_links":{"self":[{"href":"https:\/\/ivol.institute\/index.php?rest_route=\/wp\/v2\/pages\/18978","targetHints":{"allow":["GET"]}}],"collection":[{"href":"https:\/\/ivol.institute\/index.php?rest_route=\/wp\/v2\/pages"}],"about":[{"href":"https:\/\/ivol.institute\/index.php?rest_route=\/wp\/v2\/types\/page"}],"author":[{"embeddable":true,"href":"https:\/\/ivol.institute\/index.php?rest_route=\/wp\/v2\/users\/1"}],"replies":[{"embeddable":true,"href":"https:\/\/ivol.institute\/index.php?rest_route=%2Fwp%2Fv2%2Fcomments&post=18978"}],"version-history":[{"count":16,"href":"https:\/\/ivol.institute\/index.php?rest_route=\/wp\/v2\/pages\/18978\/revisions"}],"predecessor-version":[{"id":19483,"href":"https:\/\/ivol.institute\/index.php?rest_route=\/wp\/v2\/pages\/18978\/revisions\/19483"}],"wp:attachment":[{"href":"https:\/\/ivol.institute\/index.php?rest_route=%2Fwp%2Fv2%2Fmedia&parent=18978"}],"curies":[{"name":"wp","href":"https:\/\/api.w.org\/{rel}","templated":true}]}}