{"id":18980,"date":"2021-05-17T12:51:37","date_gmt":"2021-05-17T12:51:37","guid":{"rendered":"https:\/\/ivol.institute\/?page_id=18980"},"modified":"2021-05-31T07:09:26","modified_gmt":"2021-05-31T14:09:26","slug":"ivol-mission-fr","status":"publish","type":"page","link":"https:\/\/ivol.institute\/?page_id=18980&lang=fr","title":{"rendered":"LA LUMI\u00c8RE DISSIPE L&#8217;OBSCURIT\u00c9. TOUJOURS."},"content":{"rendered":"<p>[vc_row css_animation=&#8221;&#8221; row_type=&#8221;row&#8221; use_row_as_full_screen_section=&#8221;no&#8221; type=&#8221;full_width&#8221; angled_section=&#8221;no&#8221; text_align=&#8221;left&#8221; background_image_as_pattern=&#8221;without_pattern&#8221;][vc_column][vc_column_text]Depuis plus de quatre d\u00e9cennies, la terreur et la tyrannie de la R\u00e9publique islamique en Iran, associ\u00e9es \u00e0 la torture et au g\u00e9nocide, volent la libert\u00e9 des Iraniens et d\u00e9truisent la structure de leur riche culture. L&#8217;Iran est une civilisation ancienne. La R\u00e9publique islamique est un d\u00e9linquant juv\u00e9nile de 42 ans. Une kleptocratie inepte d\u00e9nonc\u00e9e par les Iraniens qui veulent reprendre leur libert\u00e9 et vivre une vie normale.<\/p>\n<p>&nbsp;<\/p>\n<h2>Le monde a besoin d&#8217;entendre leur appel \u00e0 l&#8217;aide.<\/h2>\n<p>[\/vc_column_text][vc_empty_space height=&#8221;60px&#8221;][vc_row_inner row_type=&#8221;row&#8221; type=&#8221;full_width&#8221; text_align=&#8221;left&#8221; css_animation=&#8221;&#8221;][vc_column_inner width=&#8221;1\/2&#8243;][vc_column_text]L&#8217;Institut pour les voix de la libert\u00e9 (iVOL) est un institut de politique publique \u00e9ducatif et sans but lucratif qui se consacre \u00e0 refl\u00e9ter des aspirations du peuple iranien dans sa qu\u00eate de libert\u00e9, de pluralisme, de droits de l&#8217;homme et de d\u00e9mocratie. iVOL est soutenu par un groupe diversifi\u00e9 de penseurs, de praticiens de l&#8217;art de la politique, de faiseurs d&#8217;opinion et de sp\u00e9cialistes de la politique iranienne. iVOL est soutenu par la majorit\u00e9 silencieuse des Iraniens en Occident et des professionnels chevronn\u00e9s qui se soucient profond\u00e9ment de la s\u00e9curit\u00e9 et de la paix internationales dans le monde.[\/vc_column_text][vc_empty_space][vc_column_text]Nous ne promouvons aucune forme particuli\u00e8re de structure de gouvernance pour l&#8217;Iran et n&#8217;offrons aucune pr\u00e9f\u00e9rence \u00e0 cet \u00e9gard. Nous pensons que le droit de choisir la forme de gouvernement et la responsabilit\u00e9 d&#8217;instituer tout changement dans leur forme de gouvernement incombent uniquement au peuple iranien en qu\u00eate de libert\u00e9.[\/vc_column_text][vc_empty_space][\/vc_column_inner][vc_column_inner width=&#8221;1\/2&#8243;][vc_single_image image=&#8221;18489&#8243; img_size=&#8221;full&#8221; alignment=&#8221;center&#8221; qode_css_animation=&#8221;&#8221;][\/vc_column_inner][\/vc_row_inner][\/vc_column][\/vc_row][vc_row css_animation=&#8221;&#8221; row_type=&#8221;row&#8221; use_row_as_full_screen_section=&#8221;no&#8221; type=&#8221;full_width&#8221; angled_section=&#8221;no&#8221; text_align=&#8221;left&#8221; background_image_as_pattern=&#8221;without_pattern&#8221;][vc_column][vc_empty_space height=&#8221;60px&#8221;][vc_separator type=&#8221;normal&#8221; color=&#8221;#d8d8d8&#8243;][vc_empty_space height=&#8221;60px&#8221;][vc_column_text]<\/p>\n<h5>iVOL n&#8217;existe pas pour jouer le r\u00f4le d&#8217;alternative \u00e0 la structure du pouvoir en Iran. iVOL n&#8217;envisage pas de prendre part \u00e0 une comp\u00e9tition avec les groupes d&#8217;opposition. En revanche, il existe pour soutenir d\u2019autres organisations qui partagent la conviction d\u2019ivOL qui refl\u00e8te les voix du peuple iranien \u00e0 la recherche de la libert\u00e9.<\/h5>\n<p>[\/vc_column_text][vc_empty_space height=&#8221;60px&#8221;][vc_separator type=&#8221;normal&#8221; color=&#8221;#d8d8d8&#8243;][vc_empty_space height=&#8221;60px&#8221;]<div class=\"qode-workflow  qode-workflow-animate\">\n    <span class=\"main-line\" style=\"background-color:#53565a;\"><\/span>\n    <div class=\"qode-workflow-item\">\n    <span class=\"line\" style=\"\"><\/span>\n    <div class=\"qode-workflow-item-inner reverse\">\n        <div class=\"qode-workflow-image right\">\n            <img loading=\"lazy\" decoding=\"async\" width=\"638\" height=\"829\" src=\"https:\/\/ivol.institute\/wp-content\/uploads\/2021\/05\/mission-reflect-1.jpg\" class=\"attachment-full size-full\" alt=\"\" srcset=\"https:\/\/ivol.institute\/wp-content\/uploads\/2021\/05\/mission-reflect-1.jpg 638w, https:\/\/ivol.institute\/wp-content\/uploads\/2021\/05\/mission-reflect-1-231x300.jpg 231w\" sizes=\"auto, (max-width: 638px) 100vw, 638px\" \/>        <\/div>\n        <div class=\"qode-workflow-text\">\n            <span class=\"circle\" style=\"\"><\/span>\n                            <h3>Refl\u00e9ter<\/h3>\n                                                    <p class=\"text\">Refl\u00e9ter les voix du peuple iranien \u00e0 la recherche de la libert\u00e9. Le peuple iranien en qu\u00eate de libert\u00e9 d\u00e9nonce et rejette l'int\u00e9gralit\u00e9 de l'institution de la R\u00e9publique islamique, sa constitution et toutes ses entit\u00e9s affili\u00e9es.<\/p>\n                    <\/div>\n    <\/div>\n<\/div><div class=\"qode-workflow-item\">\n    <span class=\"line\" style=\"\"><\/span>\n    <div class=\"qode-workflow-item-inner \">\n        <div class=\"qode-workflow-image left\">\n            <img loading=\"lazy\" decoding=\"async\" width=\"640\" height=\"960\" src=\"https:\/\/ivol.institute\/wp-content\/uploads\/2021\/05\/mission-support.jpg\" class=\"attachment-full size-full\" alt=\"\" srcset=\"https:\/\/ivol.institute\/wp-content\/uploads\/2021\/05\/mission-support.jpg 640w, https:\/\/ivol.institute\/wp-content\/uploads\/2021\/05\/mission-support-200x300.jpg 200w\" sizes=\"auto, (max-width: 640px) 100vw, 640px\" \/>        <\/div>\n        <div class=\"qode-workflow-text\">\n            <span class=\"circle\" style=\"\"><\/span>\n                            <h3>Soutenir<\/h3>\n                                                    <p class=\"text\">Soutenir les individus et les entit\u00e9s qui croient en la r\u00e9alit\u00e9 cit\u00e9e ci-dessus.<\/p>\n                    <\/div>\n    <\/div>\n<\/div><div class=\"qode-workflow-item\">\n    <span class=\"line\" style=\"\"><\/span>\n    <div class=\"qode-workflow-item-inner reverse\">\n        <div class=\"qode-workflow-image right\">\n            <img loading=\"lazy\" decoding=\"async\" width=\"1145\" height=\"1272\" src=\"https:\/\/ivol.institute\/wp-content\/uploads\/2021\/05\/mission-counter-mid.jpg\" class=\"attachment-full size-full\" alt=\"\" srcset=\"https:\/\/ivol.institute\/wp-content\/uploads\/2021\/05\/mission-counter-mid.jpg 1145w, https:\/\/ivol.institute\/wp-content\/uploads\/2021\/05\/mission-counter-mid-270x300.jpg 270w, https:\/\/ivol.institute\/wp-content\/uploads\/2021\/05\/mission-counter-mid-922x1024.jpg 922w, https:\/\/ivol.institute\/wp-content\/uploads\/2021\/05\/mission-counter-mid-768x853.jpg 768w, https:\/\/ivol.institute\/wp-content\/uploads\/2021\/05\/mission-counter-mid-700x778.jpg 700w\" sizes=\"auto, (max-width: 1145px) 100vw, 1145px\" \/>        <\/div>\n        <div class=\"qode-workflow-text\">\n            <span class=\"circle\" style=\"\"><\/span>\n                            <h3>Contrer<\/h3>\n                                                    <p class=\"text\">Contrer les messages fallacieux propag\u00e9s par la R\u00e9publique islamique et ses apologistes.<\/p>\n                    <\/div>\n    <\/div>\n<\/div><\/div>[vc_empty_space height=&#8221;60px&#8221;][\/vc_column][\/vc_row]<\/p>\n","protected":false},"excerpt":{"rendered":"<p>[vc_row css_animation=&#8221;&#8221; row_type=&#8221;row&#8221; use_row_as_full_screen_section=&#8221;no&#8221; type=&#8221;full_width&#8221; angled_section=&#8221;no&#8221; text_align=&#8221;left&#8221; background_image_as_pattern=&#8221;without_pattern&#8221;][vc_column][vc_column_text]Depuis plus de quatre d\u00e9cennies, la terreur et la tyrannie de la R\u00e9publique islamique en Iran, associ\u00e9es \u00e0 la torture et au g\u00e9nocide, volent la libert\u00e9 des Iraniens et d\u00e9truisent la structure de leur riche culture. L&#8217;Iran est&#8230;<\/p>\n","protected":false},"author":1,"featured_media":0,"parent":0,"menu_order":0,"comment_status":"closed","ping_status":"closed","template":"","meta":{"footnotes":""},"class_list":["post-18980","page","type-page","status-publish","hentry"],"_links":{"self":[{"href":"https:\/\/ivol.institute\/index.php?rest_route=\/wp\/v2\/pages\/18980","targetHints":{"allow":["GET"]}}],"collection":[{"href":"https:\/\/ivol.institute\/index.php?rest_route=\/wp\/v2\/pages"}],"about":[{"href":"https:\/\/ivol.institute\/index.php?rest_route=\/wp\/v2\/types\/page"}],"author":[{"embeddable":true,"href":"https:\/\/ivol.institute\/index.php?rest_route=\/wp\/v2\/users\/1"}],"replies":[{"embeddable":true,"href":"https:\/\/ivol.institute\/index.php?rest_route=%2Fwp%2Fv2%2Fcomments&post=18980"}],"version-history":[{"count":7,"href":"https:\/\/ivol.institute\/index.php?rest_route=\/wp\/v2\/pages\/18980\/revisions"}],"predecessor-version":[{"id":19313,"href":"https:\/\/ivol.institute\/index.php?rest_route=\/wp\/v2\/pages\/18980\/revisions\/19313"}],"wp:attachment":[{"href":"https:\/\/ivol.institute\/index.php?rest_route=%2Fwp%2Fv2%2Fmedia&parent=18980"}],"curies":[{"name":"wp","href":"https:\/\/api.w.org\/{rel}","templated":true}]}}