{"id":18985,"date":"2021-05-17T12:55:08","date_gmt":"2021-05-17T12:55:08","guid":{"rendered":"https:\/\/ivol.institute\/?page_id=18985"},"modified":"2021-06-02T13:48:50","modified_gmt":"2021-06-02T20:48:50","slug":"remembrance-fr","status":"publish","type":"page","link":"https:\/\/ivol.institute\/?page_id=18985&lang=fr","title":{"rendered":"Comm\u00e9moration"},"content":{"rendered":"<p>[vc_row css_animation=&#8221;&#8221; row_type=&#8221;row&#8221; use_row_as_full_screen_section=&#8221;no&#8221; type=&#8221;full_width&#8221; angled_section=&#8221;no&#8221; text_align=&#8221;left&#8221; background_image_as_pattern=&#8221;without_pattern&#8221; z_index=&#8221;&#8221;][vc_column][vc_row_inner row_type=&#8221;row&#8221; type=&#8221;full_width&#8221; text_align=&#8221;center&#8221; css_animation=&#8221;&#8221;][vc_column_inner css=&#8221;.vc_custom_1622578260327{background-color: #d8d8d8 !important;}&#8221;][vc_empty_space][vc_column_text]<\/p>\n<h2 style=\"text-align: center;\">iVOL pr\u00e9sente : le Mus\u00e9e de Comm\u00e9moration<\/h2>\n<p>[\/vc_column_text][vc_empty_space]<a  itemprop=\"url\" href=\"#\" target=\"_self\" data-hover-background-color='#d8d8d8' data-hover-border-color='#00748e' data-hover-color='#00748e' class=\"qbutton  large center white default\" style=\"color: #00748e; border-color: #00748e; background-color: #d8d8d8;\">Bient\u00f4t Disponible<\/a>[vc_empty_space height=&#8221;60px&#8221;][\/vc_column_inner][\/vc_row_inner][\/vc_column][\/vc_row][vc_row css_animation=&#8221;&#8221; row_type=&#8221;row&#8221; use_row_as_full_screen_section=&#8221;no&#8221; type=&#8221;grid&#8221; angled_section=&#8221;no&#8221; text_align=&#8221;left&#8221; background_image_as_pattern=&#8221;without_pattern&#8221; z_index=&#8221;&#8221;][vc_column][vc_empty_space height=&#8221;60px&#8221;][vc_column_text]<\/p>\n<h5>iVOL conservera le souvenir d&#8217;une \u00e9poque \u00e0 laquelle \u00eatre iranien et avoir un passeport iranien \u00e9tait un point de fiert\u00e9 et d&#8217;honneur.<\/h5>\n<p>[\/vc_column_text]<div class=\"qode-simple-quote-holder \">\n\t<div class=\"qode-simple-quote-triangle-shadow\">\n\t\t\n\t<\/div>\n\t<div class=\"qode-simple-quote-triangle\" >\n\t\t\n\t<\/div>\n\t<div class=\"qode-simple-quote-holder-inner\" >\n\t\t<div class=\"qode-simple-quote-icon-holder\"  style=\"fill: #00748e\">\n\t\t\t<svg x=\"0px\" y=\"0px\" width=\"118px\" height=\"97px\" viewBox=\"0 0 118 97\" enable-background=\"new 0 0 118 97\" xml:space=\"preserve\">\n\t\t\t\t<g>\n\t\t\t\t\t<path d=\"M31.1,73.998c5.688-7.111,8.535-14.316,8.535-21.617c0-3.09-0.371-5.751-1.113-7.978c-4.332,3.34-9.031,5.009-14.102,5.009\n\t\t\t\t\t\tc-6.929,0-12.71-2.194-17.349-6.586c-4.639-4.389-6.958-10.298-6.958-17.72c0-6.926,2.348-12.71,7.051-17.349\n\t\t\t\t\t\tc4.7-4.639,10.452-6.958,17.256-6.958c9.77,0,17.256,4.021,22.451,12.061c4.329,6.68,6.494,15.029,6.494,25.049\n\t\t\t\t\t\tc0,12.742-3.247,24.154-9.741,34.234C37.13,82.227,27.325,90.357,14.215,96.541l-3.525-6.865\n\t\t\t\t\t\tC18.604,86.336,25.409,81.113,31.1,73.998z M95.67,73.998c5.688-7.111,8.535-14.316,8.535-21.617c0-3.09-0.371-5.751-1.113-7.978\n\t\t\t\t\t\tc-4.206,3.34-8.906,5.009-14.102,5.009c-6.804,0-12.556-2.194-17.256-6.586c-4.702-4.389-7.051-10.298-7.051-17.72\n\t\t\t\t\t\tc0-4.575,1.113-8.721,3.34-12.432s5.195-6.616,8.906-8.721c3.711-2.102,7.729-3.154,12.061-3.154\n\t\t\t\t\t\tc9.771,0,17.256,4.021,22.451,12.061c4.329,6.68,6.494,15.029,6.494,25.049c0,12.742-3.247,24.154-9.741,34.234\n\t\t\t\t\t\tC101.7,82.227,91.896,90.357,78.785,96.541l-3.525-6.865C83.175,86.336,89.979,81.113,95.67,73.998z\"\/>\n\t\t\t\t<\/g>\n\t\t\t<\/svg>\n\t\t<\/div>\n\t\t<div class=\"qode-simple-quote-content-holder\">\n\t\t\t<div class=\"qode-simple-quote-content-holder-inner\">\n\t\t\t\t<div class=\"qode-simple-quote-text-holder\" >\n\t\t\t\t\t<p class=\"qode-simple-quote-text-title\"> \u00c0 la diff\u00e9rence d\u2019aujourd\u2019hui, le passeport qu\u2019un Iranien porte est d\u00e9livr\u00e9 par le principal sponsor du terrorisme mondial. Se souvenir d&#039;une \u00e9poque \u00e0 laquelle une jeune fille d\u00e9voil\u00e9e n&#039;\u00e9tait pas battue par un voyou en uniforme. iVOL gardera vivante l&#039;image de la corruption de la R\u00e9publique islamique au cours des quatre derni\u00e8res d\u00e9cennies. Les soldats, diplomates, fonctionnaires, industriels, cr\u00e9ateurs d&#039;emplois, banquiers, enseignants, jeunes filles assassin\u00e9es pour avoir une croyance diff\u00e9rente de celle du tyran. Des milliers de jeunes et de personnes \u00e2g\u00e9es qui ont \u00e9t\u00e9 massacr\u00e9s parce qu&#039;ils pensaient diff\u00e9remment.  <\/p>\n\t\t\t\t<\/div>\n\t\t\t\t<div class=\"qode-simple-quote-author-holder\">\n\t\t\t\t\t<p class=\"qode-simple-quote-author-title\">   <\/p>\n\t\t\t\t<\/div>\n\t\t\t<\/div>\n\t\t<\/div>\n\t<\/div>\n<\/div>[vc_empty_space][vc_column_text]<\/p>\n<h5>iVOL va archiver et pr\u00e9server les atrocit\u00e9s du r\u00e9gime actuel en Iran, non pas dans le but de se venger, mais plut\u00f4t pour les enregistrer dans notre m\u00e9moire collective nationale afin d&#8217;\u00e9viter que de telles trag\u00e9dies ne se reproduisent.<\/h5>\n<p>[\/vc_column_text][\/vc_column][\/vc_row][vc_row css_animation=&#8221;&#8221; row_type=&#8221;row&#8221; use_row_as_full_screen_section=&#8221;no&#8221; type=&#8221;grid&#8221; angled_section=&#8221;no&#8221; text_align=&#8221;center&#8221; background_image_as_pattern=&#8221;without_pattern&#8221; z_index=&#8221;&#8221;][vc_column][vc_empty_space height=&#8221;60px&#8221;][vc_video link=&#8221;https:\/\/vimeo.com\/537480342&#8243; align=&#8221;center&#8221;][vc_empty_space height=&#8221;60px&#8221;][\/vc_column][\/vc_row]<\/p>\n","protected":false},"excerpt":{"rendered":"<p>[vc_row css_animation=&#8221;&#8221; row_type=&#8221;row&#8221; use_row_as_full_screen_section=&#8221;no&#8221; type=&#8221;full_width&#8221; angled_section=&#8221;no&#8221; text_align=&#8221;left&#8221; background_image_as_pattern=&#8221;without_pattern&#8221; z_index=&#8221;&#8221;][vc_column][vc_row_inner row_type=&#8221;row&#8221; type=&#8221;full_width&#8221; text_align=&#8221;center&#8221; css_animation=&#8221;&#8221;][vc_column_inner css=&#8221;.vc_custom_1622578260327{background-color: #d8d8d8 !important;}&#8221;][vc_empty_space][vc_column_text] iVOL pr\u00e9sente : le Mus\u00e9e de Comm\u00e9moration [\/vc_column_text][vc_empty_space][vc_empty_space height=&#8221;60px&#8221;][\/vc_column_inner][\/vc_row_inner][\/vc_column][\/vc_row][vc_row css_animation=&#8221;&#8221; row_type=&#8221;row&#8221; use_row_as_full_screen_section=&#8221;no&#8221; type=&#8221;grid&#8221; angled_section=&#8221;no&#8221; text_align=&#8221;left&#8221; background_image_as_pattern=&#8221;without_pattern&#8221; z_index=&#8221;&#8221;][vc_column][vc_empty_space height=&#8221;60px&#8221;][vc_column_text] iVOL conservera le souvenir d&#8217;une \u00e9poque \u00e0 laquelle \u00eatre iranien et&#8230;<\/p>\n","protected":false},"author":1,"featured_media":0,"parent":0,"menu_order":0,"comment_status":"closed","ping_status":"closed","template":"full_width.php","meta":{"footnotes":""},"class_list":["post-18985","page","type-page","status-publish","hentry"],"_links":{"self":[{"href":"https:\/\/ivol.institute\/index.php?rest_route=\/wp\/v2\/pages\/18985","targetHints":{"allow":["GET"]}}],"collection":[{"href":"https:\/\/ivol.institute\/index.php?rest_route=\/wp\/v2\/pages"}],"about":[{"href":"https:\/\/ivol.institute\/index.php?rest_route=\/wp\/v2\/types\/page"}],"author":[{"embeddable":true,"href":"https:\/\/ivol.institute\/index.php?rest_route=\/wp\/v2\/users\/1"}],"replies":[{"embeddable":true,"href":"https:\/\/ivol.institute\/index.php?rest_route=%2Fwp%2Fv2%2Fcomments&post=18985"}],"version-history":[{"count":5,"href":"https:\/\/ivol.institute\/index.php?rest_route=\/wp\/v2\/pages\/18985\/revisions"}],"predecessor-version":[{"id":19334,"href":"https:\/\/ivol.institute\/index.php?rest_route=\/wp\/v2\/pages\/18985\/revisions\/19334"}],"wp:attachment":[{"href":"https:\/\/ivol.institute\/index.php?rest_route=%2Fwp%2Fv2%2Fmedia&parent=18985"}],"curies":[{"name":"wp","href":"https:\/\/api.w.org\/{rel}","templated":true}]}}