{"id":18987,"date":"2021-05-17T12:56:33","date_gmt":"2021-05-17T12:56:33","guid":{"rendered":"https:\/\/ivol.institute\/?page_id=18987"},"modified":"2021-06-03T09:36:15","modified_gmt":"2021-06-03T16:36:15","slug":"we-hear-you-fr","status":"publish","type":"page","link":"https:\/\/ivol.institute\/?page_id=18987&lang=fr","title":{"rendered":"Nous vous entendons"},"content":{"rendered":"<p>[vc_row css_animation=&#8221;&#8221; row_type=&#8221;row&#8221; use_row_as_full_screen_section=&#8221;no&#8221; type=&#8221;grid&#8221; angled_section=&#8221;no&#8221; text_align=&#8221;left&#8221; background_image_as_pattern=&#8221;without_pattern&#8221; z_index=&#8221;&#8221;][vc_column][vc_empty_space]<blockquote class=' with_quote_icon' style=''><i class='fa fa-quote-right' style=''><\/i><h5 class='blockquote-text' style=''>iVOL pr\u00e9sentera au public occidental les vraies images de travailleurs opprim\u00e9s qui n'ont pas \u00e9t\u00e9 pay\u00e9s depuis des mois, des personnes \u00e2g\u00e9es dont les \u00e9conomies sont pill\u00e9es par le gouvernement criminel de la R\u00e9publique islamique qui les prive de leurs \u00e9conomies. Les enfants Bahai\u2019 dont l\u2019avenir est vol\u00e9 en les privant d\u2019\u00e9ducation. Les jeunes enfants exploit\u00e9s dont les journ\u00e9es sont gaspill\u00e9es dans les rues \u00e0 essayer de gagner quelques sous pour se nourrir, en remplissant les poches de ceux qui les exploitent.<\/h5><\/blockquote>[vc_empty_space]<blockquote class=' with_quote_icon' style=''><i class='fa fa-quote-right' style=''><\/i><h5 class='blockquote-text' style=''>iVOL montrera au monde que la trag\u00e9die humaine, c'est de se ranger du c\u00f4t\u00e9 de l'oppresseur et, par ce fait m\u00eame, contre les opprim\u00e9s.<\/h5><\/blockquote>[\/vc_column][\/vc_row][vc_row css_animation=&#8221;&#8221; row_type=&#8221;row&#8221; use_row_as_full_screen_section=&#8221;no&#8221; type=&#8221;grid&#8221; angled_section=&#8221;no&#8221; text_align=&#8221;left&#8221; background_image_as_pattern=&#8221;without_pattern&#8221; z_index=&#8221;&#8221;][vc_column][vc_empty_space][vc_column_text]<\/p>\n<h4 style=\"text-align: center;\"><strong>Le monde va-t-il encore sauver la vie du cadavre en d\u00e9composition du tyran et envoyer des milliards de dollars \u00e0 l&#8217;oppresseur pour continuer sa terreur contre les Iraniens?<\/strong><\/h4>\n<p>[\/vc_column_text][\/vc_column][\/vc_row][vc_row css_animation=&#8221;&#8221; row_type=&#8221;row&#8221; use_row_as_full_screen_section=&#8221;no&#8221; type=&#8221;full_width&#8221; angled_section=&#8221;no&#8221; text_align=&#8221;left&#8221; background_image_as_pattern=&#8221;without_pattern&#8221;][vc_column][vc_empty_space height=&#8221;60px&#8221;][vc_gallery type=&#8221;image_grid&#8221; images=&#8221;18812,18813,18814,18815,18816,18817,18818,18819&#8243; img_size=&#8221;400&#215;400&#8243; column_number=&#8221;4&#8243; grayscale=&#8221;yes&#8221; images_space=&#8221;gallery_without_space&#8221;][vc_empty_space height=&#8221;60px&#8221;][\/vc_column][\/vc_row]<\/p>\n","protected":false},"excerpt":{"rendered":"<p>[vc_row css_animation=&#8221;&#8221; row_type=&#8221;row&#8221; use_row_as_full_screen_section=&#8221;no&#8221; type=&#8221;grid&#8221; angled_section=&#8221;no&#8221; text_align=&#8221;left&#8221; background_image_as_pattern=&#8221;without_pattern&#8221; z_index=&#8221;&#8221;][vc_column][vc_empty_space][vc_empty_space][\/vc_column][\/vc_row][vc_row css_animation=&#8221;&#8221; row_type=&#8221;row&#8221; use_row_as_full_screen_section=&#8221;no&#8221; type=&#8221;grid&#8221; angled_section=&#8221;no&#8221; text_align=&#8221;left&#8221; background_image_as_pattern=&#8221;without_pattern&#8221; z_index=&#8221;&#8221;][vc_column][vc_empty_space][vc_column_text] Le monde va-t-il encore sauver la vie du cadavre en d\u00e9composition du tyran et envoyer des milliards de dollars \u00e0 l&#8217;oppresseur pour continuer sa terreur contre les Iraniens?&#8230;<\/p>\n","protected":false},"author":1,"featured_media":0,"parent":0,"menu_order":0,"comment_status":"closed","ping_status":"closed","template":"full_width.php","meta":{"footnotes":""},"class_list":["post-18987","page","type-page","status-publish","hentry"],"_links":{"self":[{"href":"https:\/\/ivol.institute\/index.php?rest_route=\/wp\/v2\/pages\/18987","targetHints":{"allow":["GET"]}}],"collection":[{"href":"https:\/\/ivol.institute\/index.php?rest_route=\/wp\/v2\/pages"}],"about":[{"href":"https:\/\/ivol.institute\/index.php?rest_route=\/wp\/v2\/types\/page"}],"author":[{"embeddable":true,"href":"https:\/\/ivol.institute\/index.php?rest_route=\/wp\/v2\/users\/1"}],"replies":[{"embeddable":true,"href":"https:\/\/ivol.institute\/index.php?rest_route=%2Fwp%2Fv2%2Fcomments&post=18987"}],"version-history":[{"count":4,"href":"https:\/\/ivol.institute\/index.php?rest_route=\/wp\/v2\/pages\/18987\/revisions"}],"predecessor-version":[{"id":19302,"href":"https:\/\/ivol.institute\/index.php?rest_route=\/wp\/v2\/pages\/18987\/revisions\/19302"}],"wp:attachment":[{"href":"https:\/\/ivol.institute\/index.php?rest_route=%2Fwp%2Fv2%2Fmedia&parent=18987"}],"curies":[{"name":"wp","href":"https:\/\/api.w.org\/{rel}","templated":true}]}}