{"id":18989,"date":"2021-05-17T12:59:00","date_gmt":"2021-05-17T12:59:00","guid":{"rendered":"https:\/\/ivol.institute\/?page_id=18989"},"modified":"2021-05-30T06:09:37","modified_gmt":"2021-05-30T13:09:37","slug":"ivol-team-fr","status":"publish","type":"page","link":"https:\/\/ivol.institute\/?page_id=18989&lang=fr","title":{"rendered":"Qui nous sommes"},"content":{"rendered":"<p>[vc_row css_animation=&#8221;&#8221; row_type=&#8221;row&#8221; use_row_as_full_screen_section=&#8221;no&#8221; type=&#8221;full_width&#8221; angled_section=&#8221;no&#8221; text_align=&#8221;left&#8221; background_image_as_pattern=&#8221;without_pattern&#8221; z_index=&#8221;&#8221; padding_top=&#8221;0&#8243;][vc_column][vc_empty_space][\/vc_column][\/vc_row][vc_row css_animation=&#8221;&#8221; row_type=&#8221;row&#8221; use_row_as_full_screen_section=&#8221;no&#8221; type=&#8221;full_width&#8221; angled_section=&#8221;no&#8221; text_align=&#8221;left&#8221; background_image_as_pattern=&#8221;without_pattern&#8221;][vc_column][vc_row_inner row_type=&#8221;row&#8221; type=&#8221;full_width&#8221; text_align=&#8221;left&#8221; css_animation=&#8221;&#8221;][vc_column_inner width=&#8221;1\/2&#8243;][vc_single_image image=&#8221;18786&#8243; img_size=&#8221;full&#8221; qode_css_animation=&#8221;&#8221;][vc_empty_space][\/vc_column_inner][vc_column_inner width=&#8221;1\/2&#8243;][vc_column_text]<\/p>\n<h5>Nous sommes un groupe diversifi\u00e9 de professionnels d\u00e9di\u00e9s \u00e0 refl\u00e9ter les voix de la libert\u00e9 \u00e0 la recherche du peuple iranien. Nous d\u00e9finissons \u00able peuple iranien \u00e0 la recherche de libert\u00e9\u00bb comme ceux qui rejettent l&#8217;int\u00e9gralit\u00e9 de l&#8217;institution de la R\u00e9publique islamique en Iran, sa constitution et ses entit\u00e9s affili\u00e9es.<\/h5>\n<p>[\/vc_column_text][\/vc_column_inner][\/vc_row_inner][vc_empty_space height=&#8221;60px&#8221;][vc_separator type=&#8221;normal&#8221; color=&#8221;#d8d8d8&#8243;][vc_empty_space height=&#8221;60px&#8221;][vc_row_inner row_type=&#8221;row&#8221; type=&#8221;full_width&#8221; text_align=&#8221;left&#8221; css_animation=&#8221;&#8221;][vc_column_inner width=&#8221;1\/2&#8243;][vc_single_image image=&#8221;18860&#8243; img_size=&#8221;full&#8221; alignment=&#8221;center&#8221; qode_css_animation=&#8221;&#8221;][vc_empty_space height=&#8221;20px&#8221;][vc_column_text]<\/p>\n<h2 style=\"text-align: center;\">NOUS SOMMES<\/h2>\n<p>[\/vc_column_text][vc_empty_space height=&#8221;20px&#8221;][vc_column_text]<\/p>\n<p style=\"text-align: center;\">motiv\u00e9s par la conviction \u00e9vidente que la nation iranienne, comme toutes les nations, m\u00e9rite la dignit\u00e9 qui d\u00e9coule de la capacit\u00e9 d\u2019un peuple \u00e0 choisir sa propre forme de gouvernement, \u00e0 y vivre en tant que citoyens \u00e9gaux et \u00e0 b\u00e9n\u00e9ficier de la protection de ses lois.<\/p>\n<p>[\/vc_column_text][vc_empty_space][\/vc_column_inner][vc_column_inner width=&#8221;1\/2&#8243;][vc_single_image image=&#8221;18864&#8243; img_size=&#8221;full&#8221; alignment=&#8221;center&#8221; qode_css_animation=&#8221;&#8221;][vc_empty_space height=&#8221;20px&#8221;][vc_column_text]<\/p>\n<h2 style=\"text-align: center;\">CE QUI NOUS UNIT<\/h2>\n<p>[\/vc_column_text][vc_empty_space height=&#8221;20px&#8221;][vc_column_text]<\/p>\n<p style=\"text-align: center;\">c&#8217;est notre conviction profonde en l\u2019universalit\u00e9 des droits de l\u2019homme et notre engagement \u00e0 faire en sorte que ces droits soient accord\u00e9s au peuple iranien.<\/p>\n<p>[\/vc_column_text][vc_empty_space][\/vc_column_inner][\/vc_row_inner][vc_row_inner row_type=&#8221;row&#8221; type=&#8221;full_width&#8221; text_align=&#8221;left&#8221; css_animation=&#8221;&#8221;][vc_column_inner width=&#8221;1\/2&#8243;][vc_single_image image=&#8221;18862&#8243; img_size=&#8221;full&#8221; alignment=&#8221;center&#8221; qode_css_animation=&#8221;&#8221;][vc_empty_space height=&#8221;20px&#8221;][vc_column_text]<\/p>\n<h2 style=\"text-align: center;\">NOUS CROYONS<\/h2>\n<p>[\/vc_column_text][vc_empty_space height=&#8221;20px&#8221;][vc_column_text]<\/p>\n<p style=\"text-align: center;\">que les cris du peuple iranien ne sont pas entendus et notre humanit\u00e9 nous pousse \u00e0 faire en sorte que les voix de la libert\u00e9 soient rendues aux sans-voix.<\/p>\n<p>[\/vc_column_text][vc_empty_space][\/vc_column_inner][vc_column_inner width=&#8221;1\/2&#8243;][vc_single_image image=&#8221;18863&#8243; img_size=&#8221;full&#8221; alignment=&#8221;center&#8221; qode_css_animation=&#8221;&#8221;][vc_empty_space height=&#8221;20px&#8221;][vc_column_text]<\/p>\n<h2 style=\"text-align: center;\">NOUS ACCUEILLONS<\/h2>\n<p>[\/vc_column_text][vc_empty_space height=&#8221;20px&#8221;][vc_column_text]<\/p>\n<p style=\"text-align: center;\">et invitons toutes les personnes partageant les m\u00eames id\u00e9es \u00e0 se joindre \u00e0 nous dans notre effort mondial pour refl\u00e9ter les voix du peuple iranien en qu\u00eate de libert\u00e9.<\/p>\n<p>[\/vc_column_text][vc_empty_space][\/vc_column_inner][\/vc_row_inner][\/vc_column][\/vc_row][vc_row css_animation=&#8221;&#8221; row_type=&#8221;row&#8221; use_row_as_full_screen_section=&#8221;no&#8221; type=&#8221;full_width&#8221; angled_section=&#8221;no&#8221; text_align=&#8221;center&#8221; background_image_as_pattern=&#8221;without_pattern&#8221; z_index=&#8221;&#8221;][vc_column][vc_empty_space][vc_separator type=&#8221;normal&#8221; color=&#8221;#d8d8d8&#8243;][vc_empty_space][vc_column_text]<\/p>\n<h2 style=\"text-align: center;\">Ce que nous faisons<\/h2>\n<p>[\/vc_column_text][vc_separator type=&#8221;small&#8221; position=&#8221;center&#8221;][vc_column_text]<\/p>\n<h5 style=\"text-align: center;\">Nous contournons la propagande du r\u00e9gime pour offrir un lien direct avec le peuple iranien, afin d&#8217;\u00e9duquer l\u2019Occident sur la v\u00e9rit\u00e9 et les r\u00e9alit\u00e9s avec lesquelles le peuple iranien doit faire face chaque jour.<\/h5>\n<p>[\/vc_column_text][vc_empty_space]<a  itemprop=\"url\" href=\"\/fr\/ivol-mission-fr\/\" target=\"_self\"  class=\"qbutton  center white default\" style=\"\">Notre Mission<\/a>[\/vc_column][vc_column][vc_empty_space height=&#8221;60px&#8221;][\/vc_column][\/vc_row]<\/p>\n","protected":false},"excerpt":{"rendered":"<p>[vc_row css_animation=&#8221;&#8221; row_type=&#8221;row&#8221; use_row_as_full_screen_section=&#8221;no&#8221; type=&#8221;full_width&#8221; angled_section=&#8221;no&#8221; text_align=&#8221;left&#8221; background_image_as_pattern=&#8221;without_pattern&#8221; z_index=&#8221;&#8221; padding_top=&#8221;0&#8243;][vc_column][vc_empty_space][\/vc_column][\/vc_row][vc_row css_animation=&#8221;&#8221; row_type=&#8221;row&#8221; use_row_as_full_screen_section=&#8221;no&#8221; type=&#8221;full_width&#8221; angled_section=&#8221;no&#8221; text_align=&#8221;left&#8221; background_image_as_pattern=&#8221;without_pattern&#8221;][vc_column][vc_row_inner row_type=&#8221;row&#8221; type=&#8221;full_width&#8221; text_align=&#8221;left&#8221; css_animation=&#8221;&#8221;][vc_column_inner width=&#8221;1\/2&#8243;][vc_single_image image=&#8221;18786&#8243; img_size=&#8221;full&#8221; qode_css_animation=&#8221;&#8221;][vc_empty_space][\/vc_column_inner][vc_column_inner width=&#8221;1\/2&#8243;][vc_column_text] Nous sommes un groupe diversifi\u00e9 de professionnels d\u00e9di\u00e9s \u00e0 refl\u00e9ter les voix de la libert\u00e9 \u00e0 la recherche du&#8230;<\/p>\n","protected":false},"author":1,"featured_media":0,"parent":0,"menu_order":0,"comment_status":"closed","ping_status":"closed","template":"","meta":{"footnotes":""},"class_list":["post-18989","page","type-page","status-publish","hentry"],"_links":{"self":[{"href":"https:\/\/ivol.institute\/index.php?rest_route=\/wp\/v2\/pages\/18989","targetHints":{"allow":["GET"]}}],"collection":[{"href":"https:\/\/ivol.institute\/index.php?rest_route=\/wp\/v2\/pages"}],"about":[{"href":"https:\/\/ivol.institute\/index.php?rest_route=\/wp\/v2\/types\/page"}],"author":[{"embeddable":true,"href":"https:\/\/ivol.institute\/index.php?rest_route=\/wp\/v2\/users\/1"}],"replies":[{"embeddable":true,"href":"https:\/\/ivol.institute\/index.php?rest_route=%2Fwp%2Fv2%2Fcomments&post=18989"}],"version-history":[{"count":6,"href":"https:\/\/ivol.institute\/index.php?rest_route=\/wp\/v2\/pages\/18989\/revisions"}],"predecessor-version":[{"id":19295,"href":"https:\/\/ivol.institute\/index.php?rest_route=\/wp\/v2\/pages\/18989\/revisions\/19295"}],"wp:attachment":[{"href":"https:\/\/ivol.institute\/index.php?rest_route=%2Fwp%2Fv2%2Fmedia&parent=18989"}],"curies":[{"name":"wp","href":"https:\/\/api.w.org\/{rel}","templated":true}]}}